{"id":224,"date":"2017-09-05T16:00:59","date_gmt":"2017-09-05T16:00:59","guid":{"rendered":"http:\/\/apel35.fr\/?page_id=224"},"modified":"2026-02-02T15:43:23","modified_gmt":"2026-02-02T14:43:23","slug":"permanentes","status":"publish","type":"page","link":"https:\/\/apel35.fr\/?page_id=224","title":{"rendered":"Les Salari\u00e9es de l&rsquo;Apel"},"content":{"rendered":"<p style=\"text-align: center\"><strong>L&rsquo;Apel <\/strong>est compos\u00e9e de 4 salari\u00e9es qui \u0153uvrent au quotidien au service des Apel et des familles selon les orientations prises par le Conseil d&rsquo;Administration.<\/p>\n\n\n<div class=\"wp-block-columns are-vertically-aligned-center\">\n<div class=\"wp-block-column is-vertically-aligned-center\">\n<figure class=\"wp-block-image size-large\"><a href=\"https:\/\/apel35.fr\/wp-content\/uploads\/2026\/02\/DUFEU-Estelle-scaled.jpg\"><img loading=\"lazy\" width=\"1024\" height=\"1024\" src=\"https:\/\/apel35.fr\/wp-content\/uploads\/2026\/02\/DUFEU-Estelle-1024x1024.jpg\" alt=\"\" class=\"wp-image-4258\" srcset=\"https:\/\/apel35.fr\/wp-content\/uploads\/2026\/02\/DUFEU-Estelle-1024x1024.jpg 1024w, https:\/\/apel35.fr\/wp-content\/uploads\/2026\/02\/DUFEU-Estelle-300x300.jpg 300w, https:\/\/apel35.fr\/wp-content\/uploads\/2026\/02\/DUFEU-Estelle-150x150.jpg 150w, https:\/\/apel35.fr\/wp-content\/uploads\/2026\/02\/DUFEU-Estelle-768x768.jpg 768w, https:\/\/apel35.fr\/wp-content\/uploads\/2026\/02\/DUFEU-Estelle-600x600.jpg 600w, https:\/\/apel35.fr\/wp-content\/uploads\/2026\/02\/DUFEU-Estelle-1536x1536.jpg 1536w, https:\/\/apel35.fr\/wp-content\/uploads\/2026\/02\/DUFEU-Estelle-2048x2048.jpg 2048w\" sizes=\"(max-width: 1024px) 100vw, 1024px\" \/><\/a><\/figure>\n\n\n\n<p style=\"text-align: center\"><strong>Estelle DUFEU<\/strong><\/p>\n<\/div>\n\n\n\n<div class=\"wp-block-column\">\n<figure class=\"wp-block-image size-large\"><a href=\"https:\/\/apel35.fr\/wp-content\/uploads\/2026\/02\/GEMIN-Manon-p.34-1-scaled.jpg\"><img loading=\"lazy\" width=\"1024\" height=\"1024\" src=\"https:\/\/apel35.fr\/wp-content\/uploads\/2026\/02\/GEMIN-Manon-p.34-1-1024x1024.jpg\" alt=\"\" class=\"wp-image-4263\" srcset=\"https:\/\/apel35.fr\/wp-content\/uploads\/2026\/02\/GEMIN-Manon-p.34-1-1024x1024.jpg 1024w, https:\/\/apel35.fr\/wp-content\/uploads\/2026\/02\/GEMIN-Manon-p.34-1-300x300.jpg 300w, https:\/\/apel35.fr\/wp-content\/uploads\/2026\/02\/GEMIN-Manon-p.34-1-150x150.jpg 150w, https:\/\/apel35.fr\/wp-content\/uploads\/2026\/02\/GEMIN-Manon-p.34-1-768x768.jpg 768w, https:\/\/apel35.fr\/wp-content\/uploads\/2026\/02\/GEMIN-Manon-p.34-1-600x600.jpg 600w, https:\/\/apel35.fr\/wp-content\/uploads\/2026\/02\/GEMIN-Manon-p.34-1-1536x1536.jpg 1536w, https:\/\/apel35.fr\/wp-content\/uploads\/2026\/02\/GEMIN-Manon-p.34-1-2048x2048.jpg 2048w\" sizes=\"(max-width: 1024px) 100vw, 1024px\" \/><\/a><\/figure>\n\n\n\n<p style=\"text-align: center\"><strong>Manon GEMIN<\/strong><\/p>\n<\/div>\n\n\n\n<div class=\"wp-block-column\">\n<figure class=\"wp-block-image size-large\"><a href=\"https:\/\/apel35.fr\/wp-content\/uploads\/2026\/02\/Cecile-COLOMBEL-1-scaled.jpg\"><img loading=\"lazy\" width=\"1024\" height=\"1024\" src=\"https:\/\/apel35.fr\/wp-content\/uploads\/2026\/02\/Cecile-COLOMBEL-1-1024x1024.jpg\" alt=\"\" class=\"wp-image-4264\" srcset=\"https:\/\/apel35.fr\/wp-content\/uploads\/2026\/02\/Cecile-COLOMBEL-1-1024x1024.jpg 1024w, https:\/\/apel35.fr\/wp-content\/uploads\/2026\/02\/Cecile-COLOMBEL-1-300x300.jpg 300w, https:\/\/apel35.fr\/wp-content\/uploads\/2026\/02\/Cecile-COLOMBEL-1-150x150.jpg 150w, https:\/\/apel35.fr\/wp-content\/uploads\/2026\/02\/Cecile-COLOMBEL-1-768x768.jpg 768w, https:\/\/apel35.fr\/wp-content\/uploads\/2026\/02\/Cecile-COLOMBEL-1-600x600.jpg 600w, https:\/\/apel35.fr\/wp-content\/uploads\/2026\/02\/Cecile-COLOMBEL-1-1536x1536.jpg 1536w, https:\/\/apel35.fr\/wp-content\/uploads\/2026\/02\/Cecile-COLOMBEL-1-2048x2048.jpg 2048w\" sizes=\"(max-width: 1024px) 100vw, 1024px\" \/><\/a><\/figure>\n\n\n\n<p style=\"text-align: center\"><strong>C\u00e9cile COLOMBEL<\/strong><\/p>\n<\/div>\n\n\n\n<div class=\"wp-block-column is-vertically-aligned-center\">\n<figure class=\"wp-block-image size-large\"><a href=\"https:\/\/apel35.fr\/wp-content\/uploads\/2026\/02\/POULBOT-Marie-Claire-scaled.jpg\"><img loading=\"lazy\" width=\"1024\" height=\"1024\" src=\"https:\/\/apel35.fr\/wp-content\/uploads\/2026\/02\/POULBOT-Marie-Claire-1024x1024.jpg\" alt=\"\" class=\"wp-image-4259\" srcset=\"https:\/\/apel35.fr\/wp-content\/uploads\/2026\/02\/POULBOT-Marie-Claire-1024x1024.jpg 1024w, https:\/\/apel35.fr\/wp-content\/uploads\/2026\/02\/POULBOT-Marie-Claire-300x300.jpg 300w, https:\/\/apel35.fr\/wp-content\/uploads\/2026\/02\/POULBOT-Marie-Claire-150x150.jpg 150w, https:\/\/apel35.fr\/wp-content\/uploads\/2026\/02\/POULBOT-Marie-Claire-768x768.jpg 768w, https:\/\/apel35.fr\/wp-content\/uploads\/2026\/02\/POULBOT-Marie-Claire-600x600.jpg 600w, https:\/\/apel35.fr\/wp-content\/uploads\/2026\/02\/POULBOT-Marie-Claire-1536x1536.jpg 1536w, https:\/\/apel35.fr\/wp-content\/uploads\/2026\/02\/POULBOT-Marie-Claire-2048x2048.jpg 2048w\" sizes=\"(max-width: 1024px) 100vw, 1024px\" \/><\/a><\/figure>\n\n\n\n<p style=\"text-align: center\"><strong>Marie-Claire POULBOT<\/strong><\/p>\n<\/div>\n<\/div>\n\n\n\n<hr class=\"wp-block-separator\" \/>\n\n\n\n<p><\/p>\n","protected":false},"excerpt":{"rendered":"<p>L&rsquo;Apel est compos\u00e9e de 4 salari\u00e9es qui \u0153uvrent au quotidien au service des Apel et des familles selon les orientations prises par le Conseil d&rsquo;Administration. Estelle DUFEU Manon GEMIN C\u00e9cile COLOMBEL Marie-Claire POULBOT<\/p>\n","protected":false},"author":1,"featured_media":0,"parent":0,"menu_order":0,"comment_status":"closed","ping_status":"closed","template":"","meta":[],"_links":{"self":[{"href":"https:\/\/apel35.fr\/index.php?rest_route=\/wp\/v2\/pages\/224"}],"collection":[{"href":"https:\/\/apel35.fr\/index.php?rest_route=\/wp\/v2\/pages"}],"about":[{"href":"https:\/\/apel35.fr\/index.php?rest_route=\/wp\/v2\/types\/page"}],"author":[{"embeddable":true,"href":"https:\/\/apel35.fr\/index.php?rest_route=\/wp\/v2\/users\/1"}],"replies":[{"embeddable":true,"href":"https:\/\/apel35.fr\/index.php?rest_route=%2Fwp%2Fv2%2Fcomments&post=224"}],"version-history":[{"count":23,"href":"https:\/\/apel35.fr\/index.php?rest_route=\/wp\/v2\/pages\/224\/revisions"}],"predecessor-version":[{"id":4266,"href":"https:\/\/apel35.fr\/index.php?rest_route=\/wp\/v2\/pages\/224\/revisions\/4266"}],"wp:attachment":[{"href":"https:\/\/apel35.fr\/index.php?rest_route=%2Fwp%2Fv2%2Fmedia&parent=224"}],"curies":[{"name":"wp","href":"https:\/\/api.w.org\/{rel}","templated":true}]}}