{"id":236,"date":"2017-09-05T16:02:54","date_gmt":"2017-09-05T16:02:54","guid":{"rendered":"http:\/\/apel35.fr\/?page_id=236"},"modified":"2025-10-03T12:23:00","modified_gmt":"2025-10-03T10:23:00","slug":"contact","status":"publish","type":"page","link":"https:\/\/apel35.fr\/?page_id=236","title":{"rendered":"Contact"},"content":{"rendered":"\n<div class=\"wp-block-image\"><figure class=\"aligncenter size-large is-resized\"><a href=\"https:\/\/apel35.fr\/wp-content\/uploads\/2025\/10\/Capture-decran-2025-10-03-121956.png\"><img loading=\"lazy\" src=\"https:\/\/apel35.fr\/wp-content\/uploads\/2025\/10\/Capture-decran-2025-10-03-121956-728x1024.png\" alt=\"\" class=\"wp-image-4192\" width=\"-321\" height=\"-451\" srcset=\"https:\/\/apel35.fr\/wp-content\/uploads\/2025\/10\/Capture-decran-2025-10-03-121956-728x1024.png 728w, https:\/\/apel35.fr\/wp-content\/uploads\/2025\/10\/Capture-decran-2025-10-03-121956-213x300.png 213w, https:\/\/apel35.fr\/wp-content\/uploads\/2025\/10\/Capture-decran-2025-10-03-121956-768x1081.png 768w, https:\/\/apel35.fr\/wp-content\/uploads\/2025\/10\/Capture-decran-2025-10-03-121956-600x844.png 600w, https:\/\/apel35.fr\/wp-content\/uploads\/2025\/10\/Capture-decran-2025-10-03-121956.png 901w\" sizes=\"(max-width: 728px) 100vw, 728px\" \/><\/a><\/figure><\/div>\n\n\n<h4 style=\"text-align: center\">APEL d&rsquo;Ille-et-Vilaine<\/h4>\n<ul>\n<li style=\"text-align: left\">Adresse postale : 51 rue de Brest &#8211; CS 64213 &#8211; 35042 RENNES Cedex<\/li>\n<li style=\"text-align: left\">Arr\u00eat minute possible (d\u00e9p\u00f4t de document), directement via le 50 bis rue Papu (au fond de l&rsquo;impasse).<\/li>\n<\/ul>\n<h4 style=\"text-align: center\">Horaires du secr\u00e9tariat<\/h4>\n<p style=\"text-align: center\">Du lundi au vendredi de 9h00 \u00e0 12h30 et de 14h00 \u00e0 17h00.<\/p>\n<h4 style=\"text-align: center\">Horaires du t\u00e9l\u00e9phonique<\/h4>\n<p style=\"text-align: center\">Du lundi au mercredi de 9h00 \u00e0 12h30 et de 14h00 \u00e0 17h00.<\/p>\n<p style=\"text-align: center\">Le jeudi de 14h00 \u00e0 17h00 et le vendredi de 09h00 \u00e0 12h30<\/p>\n<p style=\"text-align: left\">T\u00e9l. : 02 99 33 75 13<br \/>Email : <a href=\"mailto:apel35@apel.bzh\" target=\"_blank\" rel=\"noopener noreferrer\">apel35@apel.bzh<\/a>\u00a0 \/ Cotisations : <a href=\"mailto:cotis35@apel.bzh\" target=\"_blank\" rel=\"noopener noreferrer\">cotis35@apel.bzh<\/a><\/p>","protected":false},"excerpt":{"rendered":"<p>APEL d&rsquo;Ille-et-Vilaine Adresse postale : 51 rue de Brest &#8211; CS 64213 &#8211; 35042 RENNES Cedex Arr\u00eat minute possible (d\u00e9p\u00f4t de document), directement via le 50 bis rue Papu (au fond de l&rsquo;impasse). Horaires du secr\u00e9tariat Du lundi au vendredi de 9h00 \u00e0 12h30 et de 14h00 \u00e0 17h00. Horaires du t\u00e9l\u00e9phonique Du lundi au &hellip;<\/p>\n","protected":false},"author":1,"featured_media":0,"parent":0,"menu_order":0,"comment_status":"closed","ping_status":"closed","template":"","meta":[],"_links":{"self":[{"href":"https:\/\/apel35.fr\/index.php?rest_route=\/wp\/v2\/pages\/236"}],"collection":[{"href":"https:\/\/apel35.fr\/index.php?rest_route=\/wp\/v2\/pages"}],"about":[{"href":"https:\/\/apel35.fr\/index.php?rest_route=\/wp\/v2\/types\/page"}],"author":[{"embeddable":true,"href":"https:\/\/apel35.fr\/index.php?rest_route=\/wp\/v2\/users\/1"}],"replies":[{"embeddable":true,"href":"https:\/\/apel35.fr\/index.php?rest_route=%2Fwp%2Fv2%2Fcomments&post=236"}],"version-history":[{"count":17,"href":"https:\/\/apel35.fr\/index.php?rest_route=\/wp\/v2\/pages\/236\/revisions"}],"predecessor-version":[{"id":4194,"href":"https:\/\/apel35.fr\/index.php?rest_route=\/wp\/v2\/pages\/236\/revisions\/4194"}],"wp:attachment":[{"href":"https:\/\/apel35.fr\/index.php?rest_route=%2Fwp%2Fv2%2Fmedia&parent=236"}],"curies":[{"name":"wp","href":"https:\/\/api.w.org\/{rel}","templated":true}]}}